{"id":11,"date":"2014-02-13T03:33:48","date_gmt":"2014-02-13T03:33:48","guid":{"rendered":"http:\/\/esuma.mobilizeme.ca\/?page_id=11"},"modified":"2020-09-21T18:57:57","modified_gmt":"2020-09-21T18:57:57","slug":"students","status":"publish","type":"page","link":"https:\/\/esuma.ca\/fr\/students\/","title":{"rendered":"\u00c9tudiants"},"content":{"rendered":"<p><\/p>\n<div id=\"students\" class=\"content-wrap\">\n<div class=\"content\">\n<div class=\"triangle-shadow\"><\/div>\n<div class=\"triangle-wrap rorate\">\n<div class=\"front\">\n<div class=\"title\">CR\u00c9EZ<br \/>VOTRE<br \/>AVENIR<\/div>\n<\/p><\/div>\n<div class=\"back\">\n\t\t\t\t<a href=\"#\" class=\"plus popup-link\"><\/a><\/p>\n<div class=\"sub-title-body\"><a href=\"#\" class=\"popup-link\">PERS\u00c9V\u00c8RE<br \/>ET TU<br \/>R\u00c9USSIRAS<\/a><\/div>\n<\/p><\/div>\n<\/p><\/div>\n<div class=\"content-main\">\n<h1 class=\"title\">\u00c9TUDIANTS<\/h1>\n<h2 class=\"sub-title\">CR\u00c9EZ VOTRE PROPRE AVENIR<\/h2>\n<div class=\"line\">\n<div class=\"out\"><\/div>\n<div class=\"in\"><\/div>\n<\/p><\/div>\n<div class=\"sub-title-body\">Les ann\u00e9es sur les bancs d\u2019\u00e9cole semblent parfois difficiles. <br \/>Nous croyons en toi, est-ce que tu crois en toi aussi?<\/div>\n<ul class=\"body-text\">\n<li>Demande de l\u2019aide au besoin, ne sois pas timide<\/li>\n<li>Prends une \u00e9tape \u00e0 la fois, tout est possible<\/li>\n<li>Implique-toi lors des activit\u00e9s communautaires<\/li>\n<li>Sois fier\/fi\u00e8re de toutes les bonnes actions que tu accomplies, petites ou grandes<\/li>\n<li>Fais la liste de tes r\u00eaves sur papier et relie cette liste souvent<\/li>\n<li>Prends toutes les occasions d\u2019apprendre quelque chose de nouveau<\/li>\n<li>Deviens volontaire pour aider une cause qui te tient \u00e0 c\u0153ur<\/li>\n<\/ul>\n<div class=\"tagline-wrapper\">\n<div class=\"tagline\">Une bonne \u00e9ducation est la cl\u00e9 de votre libert\u00e9 et de votre ind\u00e9pendance<\/div>\n<p><a href=\"#postcard\" class=\"send-postcard-link\">Envoyez une carte postale<\/a><\/p>\n<div class=\"social-media\">\n<a target=\"_blank\" href=\"https:\/\/www.youtube.com\/channel\/UCqA2eZN5Xc_Wya1ydSjR_qQ\" rel=\"noopener noreferrer\"><svg xmlns=\"https:\/\/www.w3.org\/2000\/svg\" width=\"24\" height=\"24\" viewBox=\"0 0 24 24\"><path d=\"M19.615 3.184c-3.604-.246-11.631-.245-15.23 0-3.897.266-4.356 2.62-4.385 8.816.029 6.185.484 8.549 4.385 8.816 3.6.245 11.626.246 15.23 0 3.897-.266 4.356-2.62 4.385-8.816-.029-6.185-.484-8.549-4.385-8.816zm-10.615 12.816v-8l8 3.993-8 4.007z\"\/><\/svg><\/a><br \/>\n<a target=\"_blank\" href=\"https:\/\/www.facebook.com\/esuma2020\/\" rel=\"noopener noreferrer\"><svg xmlns=\"https:\/\/www.w3.org\/2000\/svg\" width=\"24\" height=\"24\" viewBox=\"0 0 24 24\"><path d=\"M12 0c-6.627 0-12 5.373-12 12s5.373 12 12 12 12-5.373 12-12-5.373-12-12-12zm3 8h-1.35c-.538 0-.65.221-.65.778v1.222h2l-.209 2h-1.791v7h-3v-7h-2v-2h2v-2.308c0-1.769.931-2.692 3.029-2.692h1.971v3z\"\/><\/svg><\/a>\n<\/div>\n<\/div><\/div>\n<\/p><\/div>\n<\/div>\n<p><\/p>","protected":false},"excerpt":{"rendered":"<p>CR\u00c9EZVOTREAVENIR PERS\u00c9V\u00c8REET TUR\u00c9USSIRAS \u00c9TUDIANTS CR\u00c9EZ VOTRE PROPRE AVENIR Les ann\u00e9es sur les bancs d\u2019\u00e9cole semblent parfois difficiles. Nous croyons en toi, est-ce que tu crois en toi aussi? Demande de l\u2019aide au besoin, ne sois pas timide Prends une \u00e9tape \u00e0 la fois, tout est possible Implique-toi lors des activit\u00e9s communautaires Sois fier\/fi\u00e8re de toutes [&hellip;]<\/p>\n","protected":false},"author":3,"featured_media":0,"parent":0,"menu_order":6,"comment_status":"open","ping_status":"open","template":"","meta":{"_et_pb_use_builder":"","_et_pb_old_content":"","_et_gb_content_width":"","footnotes":""},"class_list":["post-11","page","type-page","status-publish","hentry"],"yoast_head":"<!-- This site is optimized with the Yoast SEO plugin v27.3 - https:\/\/yoast.com\/product\/yoast-seo-wordpress\/ -->\n<title>\u00c9tudiants - ESUMA<\/title>\n<meta name=\"robots\" content=\"index, follow, max-snippet:-1, max-image-preview:large, max-video-preview:-1\" \/>\n<link rel=\"canonical\" href=\"https:\/\/esuma.ca\/students\/\" \/>\n<meta property=\"og:locale\" content=\"fr_FR\" \/>\n<meta property=\"og:type\" content=\"article\" \/>\n<meta property=\"og:title\" content=\"\u00c9tudiants - ESUMA\" \/>\n<meta property=\"og:description\" content=\"CR\u00c9EZVOTREAVENIR PERS\u00c9V\u00c8REET TUR\u00c9USSIRAS \u00c9TUDIANTS CR\u00c9EZ VOTRE PROPRE AVENIR Les ann\u00e9es sur les bancs d\u2019\u00e9cole semblent parfois difficiles. Nous croyons en toi, est-ce que tu crois en toi aussi? Demande de l\u2019aide au besoin, ne sois pas timide Prends une \u00e9tape \u00e0 la fois, tout est possible Implique-toi lors des activit\u00e9s communautaires Sois fier\/fi\u00e8re de toutes [&hellip;]\" \/>\n<meta property=\"og:url\" content=\"https:\/\/esuma.ca\/students\/\" \/>\n<meta property=\"og:site_name\" content=\"ESUMA\" \/>\n<meta property=\"article:modified_time\" content=\"2020-09-21T18:57:57+00:00\" \/>\n<meta name=\"twitter:card\" content=\"summary_large_image\" \/>\n<meta name=\"twitter:label1\" content=\"Dur\u00e9e de lecture estim\u00e9e\" \/>\n\t<meta name=\"twitter:data1\" content=\"1 minute\" \/>\n<script type=\"application\/ld+json\" class=\"yoast-schema-graph\">{\"@context\":\"https:\\\/\\\/schema.org\",\"@graph\":[{\"@type\":\"WebPage\",\"@id\":\"https:\\\/\\\/esuma.ca\\\/students\\\/\",\"url\":\"https:\\\/\\\/esuma.ca\\\/students\\\/\",\"name\":\"\u00c9tudiants - ESUMA\",\"isPartOf\":{\"@id\":\"https:\\\/\\\/esuma.ca\\\/#website\"},\"datePublished\":\"2014-02-13T03:33:48+00:00\",\"dateModified\":\"2020-09-21T18:57:57+00:00\",\"breadcrumb\":{\"@id\":\"https:\\\/\\\/esuma.ca\\\/students\\\/#breadcrumb\"},\"inLanguage\":\"fr-FR\",\"potentialAction\":[{\"@type\":\"ReadAction\",\"target\":[\"https:\\\/\\\/esuma.ca\\\/students\\\/\"]}]},{\"@type\":\"BreadcrumbList\",\"@id\":\"https:\\\/\\\/esuma.ca\\\/students\\\/#breadcrumb\",\"itemListElement\":[{\"@type\":\"ListItem\",\"position\":1,\"name\":\"Home\",\"item\":\"https:\\\/\\\/esuma.ca\\\/\"},{\"@type\":\"ListItem\",\"position\":2,\"name\":\"Students\"}]},{\"@type\":\"WebSite\",\"@id\":\"https:\\\/\\\/esuma.ca\\\/#website\",\"url\":\"https:\\\/\\\/esuma.ca\\\/\",\"name\":\"ESUMA\",\"description\":\"Thinking around education\",\"potentialAction\":[{\"@type\":\"SearchAction\",\"target\":{\"@type\":\"EntryPoint\",\"urlTemplate\":\"https:\\\/\\\/esuma.ca\\\/?s={search_term_string}\"},\"query-input\":{\"@type\":\"PropertyValueSpecification\",\"valueRequired\":true,\"valueName\":\"search_term_string\"}}],\"inLanguage\":\"fr-FR\"}]}<\/script>\n<!-- \/ Yoast SEO plugin. -->","yoast_head_json":{"title":"\u00c9tudiants - ESUMA","robots":{"index":"index","follow":"follow","max-snippet":"max-snippet:-1","max-image-preview":"max-image-preview:large","max-video-preview":"max-video-preview:-1"},"canonical":"https:\/\/esuma.ca\/students\/","og_locale":"fr_FR","og_type":"article","og_title":"\u00c9tudiants - ESUMA","og_description":"CR\u00c9EZVOTREAVENIR PERS\u00c9V\u00c8REET TUR\u00c9USSIRAS \u00c9TUDIANTS CR\u00c9EZ VOTRE PROPRE AVENIR Les ann\u00e9es sur les bancs d\u2019\u00e9cole semblent parfois difficiles. Nous croyons en toi, est-ce que tu crois en toi aussi? Demande de l\u2019aide au besoin, ne sois pas timide Prends une \u00e9tape \u00e0 la fois, tout est possible Implique-toi lors des activit\u00e9s communautaires Sois fier\/fi\u00e8re de toutes [&hellip;]","og_url":"https:\/\/esuma.ca\/students\/","og_site_name":"ESUMA","article_modified_time":"2020-09-21T18:57:57+00:00","twitter_card":"summary_large_image","twitter_misc":{"Dur\u00e9e de lecture estim\u00e9e":"1 minute"},"schema":{"@context":"https:\/\/schema.org","@graph":[{"@type":"WebPage","@id":"https:\/\/esuma.ca\/students\/","url":"https:\/\/esuma.ca\/students\/","name":"\u00c9tudiants - ESUMA","isPartOf":{"@id":"https:\/\/esuma.ca\/#website"},"datePublished":"2014-02-13T03:33:48+00:00","dateModified":"2020-09-21T18:57:57+00:00","breadcrumb":{"@id":"https:\/\/esuma.ca\/students\/#breadcrumb"},"inLanguage":"fr-FR","potentialAction":[{"@type":"ReadAction","target":["https:\/\/esuma.ca\/students\/"]}]},{"@type":"BreadcrumbList","@id":"https:\/\/esuma.ca\/students\/#breadcrumb","itemListElement":[{"@type":"ListItem","position":1,"name":"Home","item":"https:\/\/esuma.ca\/"},{"@type":"ListItem","position":2,"name":"Students"}]},{"@type":"WebSite","@id":"https:\/\/esuma.ca\/#website","url":"https:\/\/esuma.ca\/","name":"ESUMA","description":"Thinking around education","potentialAction":[{"@type":"SearchAction","target":{"@type":"EntryPoint","urlTemplate":"https:\/\/esuma.ca\/?s={search_term_string}"},"query-input":{"@type":"PropertyValueSpecification","valueRequired":true,"valueName":"search_term_string"}}],"inLanguage":"fr-FR"}]}},"_links":{"self":[{"href":"https:\/\/esuma.ca\/fr\/wp-json\/wp\/v2\/pages\/11","targetHints":{"allow":["GET"]}}],"collection":[{"href":"https:\/\/esuma.ca\/fr\/wp-json\/wp\/v2\/pages"}],"about":[{"href":"https:\/\/esuma.ca\/fr\/wp-json\/wp\/v2\/types\/page"}],"author":[{"embeddable":true,"href":"https:\/\/esuma.ca\/fr\/wp-json\/wp\/v2\/users\/3"}],"replies":[{"embeddable":true,"href":"https:\/\/esuma.ca\/fr\/wp-json\/wp\/v2\/comments?post=11"}],"version-history":[{"count":5,"href":"https:\/\/esuma.ca\/fr\/wp-json\/wp\/v2\/pages\/11\/revisions"}],"predecessor-version":[{"id":791,"href":"https:\/\/esuma.ca\/fr\/wp-json\/wp\/v2\/pages\/11\/revisions\/791"}],"wp:attachment":[{"href":"https:\/\/esuma.ca\/fr\/wp-json\/wp\/v2\/media?parent=11"}],"curies":[{"name":"wp","href":"https:\/\/api.w.org\/{rel}","templated":true}]}}