{"id":16,"date":"2014-02-13T03:34:47","date_gmt":"2014-02-13T03:34:47","guid":{"rendered":"http:\/\/esuma.mobilizeme.ca\/?page_id=16"},"modified":"2020-09-21T18:59:37","modified_gmt":"2020-09-21T18:59:37","slug":"community","status":"publish","type":"page","link":"https:\/\/esuma.ca\/fr\/community\/","title":{"rendered":"Communaut\u00e9s"},"content":{"rendered":"<p><\/p>\n<div id=\"community\" class=\"content-wrap\">\n<div class=\"content\">\n<div class=\"triangle-shadow\"><\/div>\n<div class=\"triangle-wrap zoom\">\n<div class=\"triangle\">\n<div class=\"triangle-inside\">\n<div class=\"triangle-contain\">\n<div class=\"triangle-content\">\n<div class=\"front\">\n<div class=\"title\">IMPLIQUEZ<br \/>-VOUS<\/div>\n<\/p><\/div>\n<div class=\"back\">\n\t\t\t\t\t\t\t\t<a href=\"#\" class=\"plus popup-link\"><\/a><\/p>\n<div class=\"sub-title-body\"><a href=\"#\" class=\"popup-link\">FAITES<br \/>UNE<br \/>DIFF\u00c9RENCE<\/a><\/div>\n<\/p><\/div>\n<\/p><\/div>\n<\/p><\/div>\n<\/p><\/div>\n<\/p><\/div>\n<\/p><\/div>\n<div class=\"content-main\">\n<h1 class=\"title\">COMMUNAUT\u00c9S<\/h1>\n<h2 class=\"sub-title\">LA PERS\u00c9V\u00c9RANCE SCOLAIRE EST L\u2019AFFAIRE DE TOUS<\/h2>\n<div class=\"line\">\n<div class=\"out\"><\/div>\n<div class=\"in\"><\/div>\n<\/p><\/div>\n<div class=\"sub-title-body\">Les valeurs de la communaut\u00e9 jouent un grand r\u00f4le sur la <br \/>perception des \u00e9tudiants face \u00e0 leur avenir. Montrons-leur <br \/>que \u00e7a nous tient \u00e0 c\u0153ur.<\/div>\n<ul class=\"body-text\">\n<li>Donnez de votre temps et support lors d\u2019activit\u00e9s communautaires<\/li>\n<li>Offrez une exp\u00e9rience terrain aux parents et\/ou jeunes adultes dans votre entreprise<\/li>\n<li>Supportez un parent qui a besoin d\u2019aide avec les travaux scolaires de son enfant<\/li>\n<li>Partagez votre savoir-faire dans un domaine sp\u00e9cifique avec la communaut\u00e9<\/li>\n<\/ul>\n<div class=\"tagline-wrapper\">\n<div class=\"tagline\">Une communaut\u00e9 qui apprend ensemble grandit ensemble.<\/div>\n<p><a href=\"#postcard\" class=\"send-postcard-link\">Envoyez une carte postale<\/a><\/p>\n<div class=\"social-media\">\n<a target=\"_blank\" href=\"https:\/\/www.youtube.com\/channel\/UCqA2eZN5Xc_Wya1ydSjR_qQ\" rel=\"noopener noreferrer\"><svg xmlns=\"https:\/\/www.w3.org\/2000\/svg\" width=\"24\" height=\"24\" viewBox=\"0 0 24 24\"><path d=\"M19.615 3.184c-3.604-.246-11.631-.245-15.23 0-3.897.266-4.356 2.62-4.385 8.816.029 6.185.484 8.549 4.385 8.816 3.6.245 11.626.246 15.23 0 3.897-.266 4.356-2.62 4.385-8.816-.029-6.185-.484-8.549-4.385-8.816zm-10.615 12.816v-8l8 3.993-8 4.007z\"\/><\/svg><\/a><br \/>\n<a target=\"_blank\" href=\"https:\/\/www.facebook.com\/esuma2020\/\" rel=\"noopener noreferrer\"><svg xmlns=\"https:\/\/www.w3.org\/2000\/svg\" width=\"24\" height=\"24\" viewBox=\"0 0 24 24\"><path d=\"M12 0c-6.627 0-12 5.373-12 12s5.373 12 12 12 12-5.373 12-12-5.373-12-12-12zm3 8h-1.35c-.538 0-.65.221-.65.778v1.222h2l-.209 2h-1.791v7h-3v-7h-2v-2h2v-2.308c0-1.769.931-2.692 3.029-2.692h1.971v3z\"\/><\/svg><\/a>\n<\/div>\n<\/div><\/div>\n<\/p><\/div>\n<\/div>\n<p><\/p>","protected":false},"excerpt":{"rendered":"<p>IMPLIQUEZ-VOUS FAITESUNEDIFF\u00c9RENCE COMMUNAUT\u00c9S LA PERS\u00c9V\u00c9RANCE SCOLAIRE EST L\u2019AFFAIRE DE TOUS Les valeurs de la communaut\u00e9 jouent un grand r\u00f4le sur la perception des \u00e9tudiants face \u00e0 leur avenir. Montrons-leur que \u00e7a nous tient \u00e0 c\u0153ur. Donnez de votre temps et support lors d\u2019activit\u00e9s communautaires Offrez une exp\u00e9rience terrain aux parents et\/ou jeunes adultes dans votre [&hellip;]<\/p>\n","protected":false},"author":3,"featured_media":0,"parent":0,"menu_order":7,"comment_status":"open","ping_status":"open","template":"","meta":{"_et_pb_use_builder":"","_et_pb_old_content":"","_et_gb_content_width":"","footnotes":""},"class_list":["post-16","page","type-page","status-publish","hentry"],"yoast_head":"<!-- This site is optimized with the Yoast SEO plugin v27.3 - https:\/\/yoast.com\/product\/yoast-seo-wordpress\/ -->\n<title>Communaut\u00e9s - ESUMA<\/title>\n<meta name=\"robots\" content=\"index, follow, max-snippet:-1, max-image-preview:large, max-video-preview:-1\" \/>\n<link rel=\"canonical\" href=\"https:\/\/esuma.ca\/community\/\" \/>\n<meta property=\"og:locale\" content=\"fr_FR\" \/>\n<meta property=\"og:type\" content=\"article\" \/>\n<meta property=\"og:title\" content=\"Communaut\u00e9s - ESUMA\" \/>\n<meta property=\"og:description\" content=\"IMPLIQUEZ-VOUS FAITESUNEDIFF\u00c9RENCE COMMUNAUT\u00c9S LA PERS\u00c9V\u00c9RANCE SCOLAIRE EST L\u2019AFFAIRE DE TOUS Les valeurs de la communaut\u00e9 jouent un grand r\u00f4le sur la perception des \u00e9tudiants face \u00e0 leur avenir. Montrons-leur que \u00e7a nous tient \u00e0 c\u0153ur. Donnez de votre temps et support lors d\u2019activit\u00e9s communautaires Offrez une exp\u00e9rience terrain aux parents et\/ou jeunes adultes dans votre [&hellip;]\" \/>\n<meta property=\"og:url\" content=\"https:\/\/esuma.ca\/community\/\" \/>\n<meta property=\"og:site_name\" content=\"ESUMA\" \/>\n<meta property=\"article:modified_time\" content=\"2020-09-21T18:59:37+00:00\" \/>\n<meta name=\"twitter:card\" content=\"summary_large_image\" \/>\n<meta name=\"twitter:label1\" content=\"Dur\u00e9e de lecture estim\u00e9e\" \/>\n\t<meta name=\"twitter:data1\" content=\"1 minute\" \/>\n<script type=\"application\/ld+json\" class=\"yoast-schema-graph\">{\"@context\":\"https:\\\/\\\/schema.org\",\"@graph\":[{\"@type\":\"WebPage\",\"@id\":\"https:\\\/\\\/esuma.ca\\\/community\\\/\",\"url\":\"https:\\\/\\\/esuma.ca\\\/community\\\/\",\"name\":\"Communaut\u00e9s - ESUMA\",\"isPartOf\":{\"@id\":\"https:\\\/\\\/esuma.ca\\\/#website\"},\"datePublished\":\"2014-02-13T03:34:47+00:00\",\"dateModified\":\"2020-09-21T18:59:37+00:00\",\"breadcrumb\":{\"@id\":\"https:\\\/\\\/esuma.ca\\\/community\\\/#breadcrumb\"},\"inLanguage\":\"fr-FR\",\"potentialAction\":[{\"@type\":\"ReadAction\",\"target\":[\"https:\\\/\\\/esuma.ca\\\/community\\\/\"]}]},{\"@type\":\"BreadcrumbList\",\"@id\":\"https:\\\/\\\/esuma.ca\\\/community\\\/#breadcrumb\",\"itemListElement\":[{\"@type\":\"ListItem\",\"position\":1,\"name\":\"Home\",\"item\":\"https:\\\/\\\/esuma.ca\\\/\"},{\"@type\":\"ListItem\",\"position\":2,\"name\":\"Community\"}]},{\"@type\":\"WebSite\",\"@id\":\"https:\\\/\\\/esuma.ca\\\/#website\",\"url\":\"https:\\\/\\\/esuma.ca\\\/\",\"name\":\"ESUMA\",\"description\":\"Thinking around education\",\"potentialAction\":[{\"@type\":\"SearchAction\",\"target\":{\"@type\":\"EntryPoint\",\"urlTemplate\":\"https:\\\/\\\/esuma.ca\\\/?s={search_term_string}\"},\"query-input\":{\"@type\":\"PropertyValueSpecification\",\"valueRequired\":true,\"valueName\":\"search_term_string\"}}],\"inLanguage\":\"fr-FR\"}]}<\/script>\n<!-- \/ Yoast SEO plugin. -->","yoast_head_json":{"title":"Communaut\u00e9s - ESUMA","robots":{"index":"index","follow":"follow","max-snippet":"max-snippet:-1","max-image-preview":"max-image-preview:large","max-video-preview":"max-video-preview:-1"},"canonical":"https:\/\/esuma.ca\/community\/","og_locale":"fr_FR","og_type":"article","og_title":"Communaut\u00e9s - ESUMA","og_description":"IMPLIQUEZ-VOUS FAITESUNEDIFF\u00c9RENCE COMMUNAUT\u00c9S LA PERS\u00c9V\u00c9RANCE SCOLAIRE EST L\u2019AFFAIRE DE TOUS Les valeurs de la communaut\u00e9 jouent un grand r\u00f4le sur la perception des \u00e9tudiants face \u00e0 leur avenir. Montrons-leur que \u00e7a nous tient \u00e0 c\u0153ur. Donnez de votre temps et support lors d\u2019activit\u00e9s communautaires Offrez une exp\u00e9rience terrain aux parents et\/ou jeunes adultes dans votre [&hellip;]","og_url":"https:\/\/esuma.ca\/community\/","og_site_name":"ESUMA","article_modified_time":"2020-09-21T18:59:37+00:00","twitter_card":"summary_large_image","twitter_misc":{"Dur\u00e9e de lecture estim\u00e9e":"1 minute"},"schema":{"@context":"https:\/\/schema.org","@graph":[{"@type":"WebPage","@id":"https:\/\/esuma.ca\/community\/","url":"https:\/\/esuma.ca\/community\/","name":"Communaut\u00e9s - ESUMA","isPartOf":{"@id":"https:\/\/esuma.ca\/#website"},"datePublished":"2014-02-13T03:34:47+00:00","dateModified":"2020-09-21T18:59:37+00:00","breadcrumb":{"@id":"https:\/\/esuma.ca\/community\/#breadcrumb"},"inLanguage":"fr-FR","potentialAction":[{"@type":"ReadAction","target":["https:\/\/esuma.ca\/community\/"]}]},{"@type":"BreadcrumbList","@id":"https:\/\/esuma.ca\/community\/#breadcrumb","itemListElement":[{"@type":"ListItem","position":1,"name":"Home","item":"https:\/\/esuma.ca\/"},{"@type":"ListItem","position":2,"name":"Community"}]},{"@type":"WebSite","@id":"https:\/\/esuma.ca\/#website","url":"https:\/\/esuma.ca\/","name":"ESUMA","description":"Thinking around education","potentialAction":[{"@type":"SearchAction","target":{"@type":"EntryPoint","urlTemplate":"https:\/\/esuma.ca\/?s={search_term_string}"},"query-input":{"@type":"PropertyValueSpecification","valueRequired":true,"valueName":"search_term_string"}}],"inLanguage":"fr-FR"}]}},"_links":{"self":[{"href":"https:\/\/esuma.ca\/fr\/wp-json\/wp\/v2\/pages\/16","targetHints":{"allow":["GET"]}}],"collection":[{"href":"https:\/\/esuma.ca\/fr\/wp-json\/wp\/v2\/pages"}],"about":[{"href":"https:\/\/esuma.ca\/fr\/wp-json\/wp\/v2\/types\/page"}],"author":[{"embeddable":true,"href":"https:\/\/esuma.ca\/fr\/wp-json\/wp\/v2\/users\/3"}],"replies":[{"embeddable":true,"href":"https:\/\/esuma.ca\/fr\/wp-json\/wp\/v2\/comments?post=16"}],"version-history":[{"count":5,"href":"https:\/\/esuma.ca\/fr\/wp-json\/wp\/v2\/pages\/16\/revisions"}],"predecessor-version":[{"id":792,"href":"https:\/\/esuma.ca\/fr\/wp-json\/wp\/v2\/pages\/16\/revisions\/792"}],"wp:attachment":[{"href":"https:\/\/esuma.ca\/fr\/wp-json\/wp\/v2\/media?parent=16"}],"curies":[{"name":"wp","href":"https:\/\/api.w.org\/{rel}","templated":true}]}}