{"id":20,"date":"2014-02-13T03:35:26","date_gmt":"2014-02-13T03:35:26","guid":{"rendered":"http:\/\/esuma.mobilizeme.ca\/?page_id=20"},"modified":"2020-09-02T18:58:19","modified_gmt":"2020-09-02T18:58:19","slug":"contact","status":"publish","type":"page","link":"https:\/\/esuma.ca\/fr\/contact\/","title":{"rendered":"Contacts"},"content":{"rendered":"<p><\/p>\n<div id=\"contact\" class=\"content-wrap parents\">\n<div class=\"content\">\n<div class=\"content-main\">\n<h1 class=\"title\">CONTACTEZ-NOUS<\/h1>\n<h2>PENSONS \u00c9DUCATION<\/h2>\n<div class=\"line\">\n<div class=\"in\"><\/div>\n<div class=\"out\"><\/div>\n<\/p><\/div>\n<div class=\"sub-title-body\">Pour plus d&rsquo;informations sur les projets ESUMA et les crit\u00e8res de financement, veuillez nous contacter \u00e0 l&rsquo;adresse suivante :\u00a0<\/div>\n<p>\t\t\t<a href=\"mailto:info@esuma.ca\">info@esuma.ca<\/a>\n\t\t<\/div>\n<\/p><\/div>\n<\/div>\n<p><\/p>","protected":false},"excerpt":{"rendered":"<p>CONTACTEZ-NOUS PENSONS \u00c9DUCATION Pour plus d&rsquo;informations sur les projets ESUMA et les crit\u00e8res de financement, veuillez nous contacter \u00e0 l&rsquo;adresse suivante :\u00a0 info@esuma.ca<\/p>\n","protected":false},"author":3,"featured_media":0,"parent":0,"menu_order":9,"comment_status":"open","ping_status":"open","template":"","meta":{"_et_pb_use_builder":"","_et_pb_old_content":"","_et_gb_content_width":"","footnotes":""},"class_list":["post-20","page","type-page","status-publish","hentry"],"yoast_head":"<!-- This site is optimized with the Yoast SEO plugin v27.3 - https:\/\/yoast.com\/product\/yoast-seo-wordpress\/ -->\n<title>Contacts - ESUMA<\/title>\n<meta name=\"robots\" content=\"index, follow, max-snippet:-1, max-image-preview:large, max-video-preview:-1\" \/>\n<link rel=\"canonical\" href=\"https:\/\/esuma.ca\/contact\/\" \/>\n<meta property=\"og:locale\" content=\"fr_FR\" \/>\n<meta property=\"og:type\" content=\"article\" \/>\n<meta property=\"og:title\" content=\"Contacts - ESUMA\" \/>\n<meta property=\"og:description\" content=\"CONTACTEZ-NOUS PENSONS \u00c9DUCATION Pour plus d&rsquo;informations sur les projets ESUMA et les crit\u00e8res de financement, veuillez nous contacter \u00e0 l&rsquo;adresse suivante :\u00a0 info@esuma.ca\" \/>\n<meta property=\"og:url\" content=\"https:\/\/esuma.ca\/contact\/\" \/>\n<meta property=\"og:site_name\" content=\"ESUMA\" \/>\n<meta property=\"article:modified_time\" content=\"2020-09-02T18:58:19+00:00\" \/>\n<meta name=\"twitter:card\" content=\"summary_large_image\" \/>\n<script type=\"application\/ld+json\" class=\"yoast-schema-graph\">{\"@context\":\"https:\\\/\\\/schema.org\",\"@graph\":[{\"@type\":\"WebPage\",\"@id\":\"https:\\\/\\\/esuma.ca\\\/contact\\\/\",\"url\":\"https:\\\/\\\/esuma.ca\\\/contact\\\/\",\"name\":\"Contacts - ESUMA\",\"isPartOf\":{\"@id\":\"https:\\\/\\\/esuma.ca\\\/#website\"},\"datePublished\":\"2014-02-13T03:35:26+00:00\",\"dateModified\":\"2020-09-02T18:58:19+00:00\",\"breadcrumb\":{\"@id\":\"https:\\\/\\\/esuma.ca\\\/contact\\\/#breadcrumb\"},\"inLanguage\":\"fr-FR\",\"potentialAction\":[{\"@type\":\"ReadAction\",\"target\":[\"https:\\\/\\\/esuma.ca\\\/contact\\\/\"]}]},{\"@type\":\"BreadcrumbList\",\"@id\":\"https:\\\/\\\/esuma.ca\\\/contact\\\/#breadcrumb\",\"itemListElement\":[{\"@type\":\"ListItem\",\"position\":1,\"name\":\"Home\",\"item\":\"https:\\\/\\\/esuma.ca\\\/\"},{\"@type\":\"ListItem\",\"position\":2,\"name\":\"Contact\"}]},{\"@type\":\"WebSite\",\"@id\":\"https:\\\/\\\/esuma.ca\\\/#website\",\"url\":\"https:\\\/\\\/esuma.ca\\\/\",\"name\":\"ESUMA\",\"description\":\"Thinking around education\",\"potentialAction\":[{\"@type\":\"SearchAction\",\"target\":{\"@type\":\"EntryPoint\",\"urlTemplate\":\"https:\\\/\\\/esuma.ca\\\/?s={search_term_string}\"},\"query-input\":{\"@type\":\"PropertyValueSpecification\",\"valueRequired\":true,\"valueName\":\"search_term_string\"}}],\"inLanguage\":\"fr-FR\"}]}<\/script>\n<!-- \/ Yoast SEO plugin. -->","yoast_head_json":{"title":"Contacts - ESUMA","robots":{"index":"index","follow":"follow","max-snippet":"max-snippet:-1","max-image-preview":"max-image-preview:large","max-video-preview":"max-video-preview:-1"},"canonical":"https:\/\/esuma.ca\/contact\/","og_locale":"fr_FR","og_type":"article","og_title":"Contacts - ESUMA","og_description":"CONTACTEZ-NOUS PENSONS \u00c9DUCATION Pour plus d&rsquo;informations sur les projets ESUMA et les crit\u00e8res de financement, veuillez nous contacter \u00e0 l&rsquo;adresse suivante :\u00a0 info@esuma.ca","og_url":"https:\/\/esuma.ca\/contact\/","og_site_name":"ESUMA","article_modified_time":"2020-09-02T18:58:19+00:00","twitter_card":"summary_large_image","schema":{"@context":"https:\/\/schema.org","@graph":[{"@type":"WebPage","@id":"https:\/\/esuma.ca\/contact\/","url":"https:\/\/esuma.ca\/contact\/","name":"Contacts - ESUMA","isPartOf":{"@id":"https:\/\/esuma.ca\/#website"},"datePublished":"2014-02-13T03:35:26+00:00","dateModified":"2020-09-02T18:58:19+00:00","breadcrumb":{"@id":"https:\/\/esuma.ca\/contact\/#breadcrumb"},"inLanguage":"fr-FR","potentialAction":[{"@type":"ReadAction","target":["https:\/\/esuma.ca\/contact\/"]}]},{"@type":"BreadcrumbList","@id":"https:\/\/esuma.ca\/contact\/#breadcrumb","itemListElement":[{"@type":"ListItem","position":1,"name":"Home","item":"https:\/\/esuma.ca\/"},{"@type":"ListItem","position":2,"name":"Contact"}]},{"@type":"WebSite","@id":"https:\/\/esuma.ca\/#website","url":"https:\/\/esuma.ca\/","name":"ESUMA","description":"Thinking around education","potentialAction":[{"@type":"SearchAction","target":{"@type":"EntryPoint","urlTemplate":"https:\/\/esuma.ca\/?s={search_term_string}"},"query-input":{"@type":"PropertyValueSpecification","valueRequired":true,"valueName":"search_term_string"}}],"inLanguage":"fr-FR"}]}},"_links":{"self":[{"href":"https:\/\/esuma.ca\/fr\/wp-json\/wp\/v2\/pages\/20","targetHints":{"allow":["GET"]}}],"collection":[{"href":"https:\/\/esuma.ca\/fr\/wp-json\/wp\/v2\/pages"}],"about":[{"href":"https:\/\/esuma.ca\/fr\/wp-json\/wp\/v2\/types\/page"}],"author":[{"embeddable":true,"href":"https:\/\/esuma.ca\/fr\/wp-json\/wp\/v2\/users\/3"}],"replies":[{"embeddable":true,"href":"https:\/\/esuma.ca\/fr\/wp-json\/wp\/v2\/comments?post=20"}],"version-history":[{"count":5,"href":"https:\/\/esuma.ca\/fr\/wp-json\/wp\/v2\/pages\/20\/revisions"}],"predecessor-version":[{"id":720,"href":"https:\/\/esuma.ca\/fr\/wp-json\/wp\/v2\/pages\/20\/revisions\/720"}],"wp:attachment":[{"href":"https:\/\/esuma.ca\/fr\/wp-json\/wp\/v2\/media?parent=20"}],"curies":[{"name":"wp","href":"https:\/\/api.w.org\/{rel}","templated":true}]}}