{"id":337,"date":"2015-02-11T12:18:24","date_gmt":"2015-02-11T12:18:24","guid":{"rendered":"http:\/\/esuma.mobilizeme.ca\/?page_id=337"},"modified":"2021-02-12T19:11:17","modified_gmt":"2021-02-12T19:11:17","slug":"words-encouragement","status":"publish","type":"page","link":"https:\/\/esuma.ca\/fr\/words-encouragement\/","title":{"rendered":"Envoyez une carte postale de pers\u00e9v\u00e9rance"},"content":{"rendered":"<p><\/p>\n<div id=\"postcard\" class=\"content-wrap\">\n<div class=\"content\">\n<div class=\"content-main\">\n<table>\n<tbody>\n<tr>\n<td class=\"col-left\">\n<h1 class=\"title\">MOTS<\/h1>\n<h2 class=\"sub-title\">D&rsquo;ENCOURAGEMENT<\/h2>\n<div class=\"selected-img\">\n                            <img decoding=\"async\" class=\"img img-selected\" src=\"\/wp-content\/themes\/esuma\/images\/postcard.png\" alt=\"postcard\">\n                        <\/div>\n<div class=\"list-img\"><\/div>\n<\/td>\n<td class=\"col-right\">\n<div class=\"form-title\">COMPOSITION DU MESSAGE<\/div>\n<div class=\"form-sub-title\">Compl\u00e9tez le formulaire et \u00e9crire un message personnalis\u00e9 \u00e0 un enfant<\/div>\n<form id=\"postcard-form\" action=\"#\" method=\"post\">\n<div class=\"label\">DE:<\/div>\n<table>\n<tbody>\n<tr>\n<td class=\"sub-col-left\">\n                                        <input type=\"text\" name=\"sfirstname\" placeholder=\"Pr\u00e9nom\" \/><br \/>\n                                        <input type=\"text\" name=\"slastname\" placeholder=\"Nom\" \/><br \/>\n                                        <input type=\"text\" name=\"semail\" placeholder=\"Courriel\" \/><\/p>\n<div class=\"label\">\u00c0:<\/div>\n<p>                                        <input type=\"text\" name=\"rfirstname\" placeholder=\"Pr\u00e9nom\" \/><br \/>\n                                        <input type=\"text\" name=\"rlastname\" placeholder=\"Nom\" \/><br \/>\n                                        <input type=\"text\" name=\"remail\" placeholder=\"Courriel\" \/>\n                                    <\/td>\n<td class=\"sub-col-right\">\n<div class=\"postcard-choice\">\n                                            <label><input type=\"radio\" name=\"postcard\" value=\"1\" checked><img decoding=\"async\" src=\"\/wp-content\/themes\/esuma\/images\/postcard-preview.png\" \/><span>Carte postale<\/span><\/label><br \/>\n                                            <label><input type=\"radio\" name=\"postcard\" value=\"2\"><img decoding=\"async\" src=\"\/wp-content\/themes\/esuma\/images\/postcard\/carte_postale_etudiants.jpg\" \/><span>\u00c9tudiants<\/span><\/label><br \/>\n                                            <label><input type=\"radio\" name=\"postcard\" value=\"3\"><img decoding=\"async\" src=\"\/wp-content\/themes\/esuma\/images\/postcard\/carte_postale_parents.jpg\" \/><span>Parents<\/span><\/label><br \/>\n                                            <label><input type=\"radio\" name=\"postcard\" value=\"4\"><img decoding=\"async\" src=\"\/wp-content\/themes\/esuma\/images\/postcard\/carte_postale_professeurs.jpg\" \/><span>Enseignants<\/span><\/label><br \/>\n                                                   <label><input type=\"radio\" name=\"postcard\" value=\"5\"><img decoding=\"async\" src=\"\/wp-content\/themes\/esuma\/images\/postcard\/personnages-fr.png\" \/><span>SPD2021-01<\/span><\/label><br \/>\n                                                   <label><input type=\"radio\" name=\"postcard\" value=\"6\"><img decoding=\"async\" src=\"\/wp-content\/themes\/esuma\/images\/postcard\/shadow-fr.png\" \/><span>SPD2021-02<\/span><\/label>\n                                        <\/div>\n<p>                                        <img decoding=\"async\" class=\"img img-preview\" src=\"\/wp-content\/themes\/esuma\/images\/postcard-preview-fr.jpg\" alt=\"postcard preview\"><\/p>\n<div class=\"preview-text\">Cliquez sur l\u2019image pour visualiser votre carte postale<\/div>\n<\/td>\n<\/tr>\n<\/tbody>\n<\/table>\n<div class=\"label\">Message:*<\/div>\n<p>                            <textarea name=\"message\" placeholder=\"Entrez un message\"><\/textarea><\/p>\n<div class=\"label\" id=\"label_capcha\">Capcha:<\/div>\n<div id=\"capcha\"><\/div>\n<div><span class=\"btn-submit-postcard\">Pr\u00e9visualiser<\/span><\/div>\n<\/p><\/form>\n<\/td>\n<\/tr>\n<\/tbody>\n<\/table><\/div>\n<\/p><\/div>\n<\/div>\n<p><\/p>","protected":false},"excerpt":{"rendered":"<p>MOTS D&rsquo;ENCOURAGEMENT COMPOSITION DU MESSAGE Compl\u00e9tez le formulaire et \u00e9crire un message personnalis\u00e9 \u00e0 un enfant DE: \u00c0: Carte postale \u00c9tudiants Parents Enseignants SPD2021-01 SPD2021-02 Cliquez sur l\u2019image pour visualiser votre carte postale Message:* Capcha: Pr\u00e9visualiser<\/p>\n","protected":false},"author":3,"featured_media":0,"parent":0,"menu_order":1,"comment_status":"open","ping_status":"open","template":"","meta":{"_et_pb_use_builder":"","_et_pb_old_content":"","_et_gb_content_width":"","footnotes":""},"class_list":["post-337","page","type-page","status-publish","hentry"],"yoast_head":"<!-- This site is optimized with the Yoast SEO plugin v27.3 - https:\/\/yoast.com\/product\/yoast-seo-wordpress\/ -->\n<title>Envoyez une carte postale de pers\u00e9v\u00e9rance - ESUMA<\/title>\n<meta name=\"robots\" content=\"index, follow, max-snippet:-1, max-image-preview:large, max-video-preview:-1\" \/>\n<link rel=\"canonical\" href=\"https:\/\/esuma.ca\/words-encouragement\/\" \/>\n<meta property=\"og:locale\" content=\"fr_FR\" \/>\n<meta property=\"og:type\" content=\"article\" \/>\n<meta property=\"og:title\" content=\"Envoyez une carte postale de pers\u00e9v\u00e9rance - ESUMA\" \/>\n<meta property=\"og:description\" content=\"MOTS D&rsquo;ENCOURAGEMENT COMPOSITION DU MESSAGE Compl\u00e9tez le formulaire et \u00e9crire un message personnalis\u00e9 \u00e0 un enfant DE: \u00c0: Carte postale \u00c9tudiants Parents Enseignants SPD2021-01 SPD2021-02 Cliquez sur l\u2019image pour visualiser votre carte postale Message:* Capcha: Pr\u00e9visualiser\" \/>\n<meta property=\"og:url\" content=\"https:\/\/esuma.ca\/words-encouragement\/\" \/>\n<meta property=\"og:site_name\" content=\"ESUMA\" \/>\n<meta property=\"article:modified_time\" content=\"2021-02-12T19:11:17+00:00\" \/>\n<meta property=\"og:image\" content=\"https:\/\/esuma.ca\/wp-content\/themes\/esuma\/images\/postcard.png\" \/>\n<meta name=\"twitter:card\" content=\"summary_large_image\" \/>\n<script type=\"application\/ld+json\" class=\"yoast-schema-graph\">{\"@context\":\"https:\\\/\\\/schema.org\",\"@graph\":[{\"@type\":\"WebPage\",\"@id\":\"https:\\\/\\\/esuma.ca\\\/words-encouragement\\\/\",\"url\":\"https:\\\/\\\/esuma.ca\\\/words-encouragement\\\/\",\"name\":\"Envoyez une carte postale de pers\u00e9v\u00e9rance - ESUMA\",\"isPartOf\":{\"@id\":\"https:\\\/\\\/esuma.ca\\\/#website\"},\"datePublished\":\"2015-02-11T12:18:24+00:00\",\"dateModified\":\"2021-02-12T19:11:17+00:00\",\"breadcrumb\":{\"@id\":\"https:\\\/\\\/esuma.ca\\\/words-encouragement\\\/#breadcrumb\"},\"inLanguage\":\"fr-FR\",\"potentialAction\":[{\"@type\":\"ReadAction\",\"target\":[\"https:\\\/\\\/esuma.ca\\\/words-encouragement\\\/\"]}]},{\"@type\":\"BreadcrumbList\",\"@id\":\"https:\\\/\\\/esuma.ca\\\/words-encouragement\\\/#breadcrumb\",\"itemListElement\":[{\"@type\":\"ListItem\",\"position\":1,\"name\":\"Home\",\"item\":\"https:\\\/\\\/esuma.ca\\\/\"},{\"@type\":\"ListItem\",\"position\":2,\"name\":\"Send a Perseverance Postcard\"}]},{\"@type\":\"WebSite\",\"@id\":\"https:\\\/\\\/esuma.ca\\\/#website\",\"url\":\"https:\\\/\\\/esuma.ca\\\/\",\"name\":\"ESUMA\",\"description\":\"Thinking around education\",\"potentialAction\":[{\"@type\":\"SearchAction\",\"target\":{\"@type\":\"EntryPoint\",\"urlTemplate\":\"https:\\\/\\\/esuma.ca\\\/?s={search_term_string}\"},\"query-input\":{\"@type\":\"PropertyValueSpecification\",\"valueRequired\":true,\"valueName\":\"search_term_string\"}}],\"inLanguage\":\"fr-FR\"}]}<\/script>\n<!-- \/ Yoast SEO plugin. -->","yoast_head_json":{"title":"Envoyez une carte postale de pers\u00e9v\u00e9rance - ESUMA","robots":{"index":"index","follow":"follow","max-snippet":"max-snippet:-1","max-image-preview":"max-image-preview:large","max-video-preview":"max-video-preview:-1"},"canonical":"https:\/\/esuma.ca\/words-encouragement\/","og_locale":"fr_FR","og_type":"article","og_title":"Envoyez une carte postale de pers\u00e9v\u00e9rance - ESUMA","og_description":"MOTS D&rsquo;ENCOURAGEMENT COMPOSITION DU MESSAGE Compl\u00e9tez le formulaire et \u00e9crire un message personnalis\u00e9 \u00e0 un enfant DE: \u00c0: Carte postale \u00c9tudiants Parents Enseignants SPD2021-01 SPD2021-02 Cliquez sur l\u2019image pour visualiser votre carte postale Message:* Capcha: Pr\u00e9visualiser","og_url":"https:\/\/esuma.ca\/words-encouragement\/","og_site_name":"ESUMA","article_modified_time":"2021-02-12T19:11:17+00:00","og_image":[{"url":"https:\/\/esuma.ca\/wp-content\/themes\/esuma\/images\/postcard.png","type":"","width":"","height":""}],"twitter_card":"summary_large_image","schema":{"@context":"https:\/\/schema.org","@graph":[{"@type":"WebPage","@id":"https:\/\/esuma.ca\/words-encouragement\/","url":"https:\/\/esuma.ca\/words-encouragement\/","name":"Envoyez une carte postale de pers\u00e9v\u00e9rance - ESUMA","isPartOf":{"@id":"https:\/\/esuma.ca\/#website"},"datePublished":"2015-02-11T12:18:24+00:00","dateModified":"2021-02-12T19:11:17+00:00","breadcrumb":{"@id":"https:\/\/esuma.ca\/words-encouragement\/#breadcrumb"},"inLanguage":"fr-FR","potentialAction":[{"@type":"ReadAction","target":["https:\/\/esuma.ca\/words-encouragement\/"]}]},{"@type":"BreadcrumbList","@id":"https:\/\/esuma.ca\/words-encouragement\/#breadcrumb","itemListElement":[{"@type":"ListItem","position":1,"name":"Home","item":"https:\/\/esuma.ca\/"},{"@type":"ListItem","position":2,"name":"Send a Perseverance Postcard"}]},{"@type":"WebSite","@id":"https:\/\/esuma.ca\/#website","url":"https:\/\/esuma.ca\/","name":"ESUMA","description":"Thinking around education","potentialAction":[{"@type":"SearchAction","target":{"@type":"EntryPoint","urlTemplate":"https:\/\/esuma.ca\/?s={search_term_string}"},"query-input":{"@type":"PropertyValueSpecification","valueRequired":true,"valueName":"search_term_string"}}],"inLanguage":"fr-FR"}]}},"_links":{"self":[{"href":"https:\/\/esuma.ca\/fr\/wp-json\/wp\/v2\/pages\/337","targetHints":{"allow":["GET"]}}],"collection":[{"href":"https:\/\/esuma.ca\/fr\/wp-json\/wp\/v2\/pages"}],"about":[{"href":"https:\/\/esuma.ca\/fr\/wp-json\/wp\/v2\/types\/page"}],"author":[{"embeddable":true,"href":"https:\/\/esuma.ca\/fr\/wp-json\/wp\/v2\/users\/3"}],"replies":[{"embeddable":true,"href":"https:\/\/esuma.ca\/fr\/wp-json\/wp\/v2\/comments?post=337"}],"version-history":[{"count":5,"href":"https:\/\/esuma.ca\/fr\/wp-json\/wp\/v2\/pages\/337\/revisions"}],"predecessor-version":[{"id":908,"href":"https:\/\/esuma.ca\/fr\/wp-json\/wp\/v2\/pages\/337\/revisions\/908"}],"wp:attachment":[{"href":"https:\/\/esuma.ca\/fr\/wp-json\/wp\/v2\/media?parent=337"}],"curies":[{"name":"wp","href":"https:\/\/api.w.org\/{rel}","templated":true}]}}