{"id":8,"date":"2014-02-13T03:33:17","date_gmt":"2014-02-13T03:33:17","guid":{"rendered":"http:\/\/esuma.mobilizeme.ca\/?page_id=8"},"modified":"2020-09-21T18:57:25","modified_gmt":"2020-09-21T18:57:25","slug":"parents","status":"publish","type":"page","link":"https:\/\/esuma.ca\/fr\/parents\/","title":{"rendered":"Parents"},"content":{"rendered":"<p><\/p>\n<div id=\"parents\" class=\"content-wrap\">\n<div class=\"content\">\n<div class=\"triangle-shadow\"><\/div>\n<div class=\"triangle-wrap zoom\">\n<div class=\"triangle\">\n<div class=\"triangle-inside\">\n<div class=\"triangle-contain\">\n<div class=\"triangle-content\">\n<div class=\"front\">\n<div class=\"title\">AGISSEZ<\/div>\n<\/p><\/div>\n<div class=\"back\">\n                            \t<a href=\"#\" class=\"plus popup-link\"><\/a><\/p>\n<div class=\"sub-title-body\"><a href=\"#\" class=\"popup-link\">CELA<br \/>FAIT TOUTE<br \/> LA DIFF\u00c9RENCE<\/a><\/div>\n<\/p><\/div>\n<\/p><\/div>\n<\/p><\/div>\n<\/p><\/div>\n<\/p><\/div>\n<\/p><\/div>\n<div class=\"content-main\">\n<h1 class=\"title\">PARENTS<\/h1>\n<h2 class=\"sub-title\">L\u2019\u00c9DUCATION D\u00c9BUTE \u00c0 LA MAISON<\/h2>\n<div class=\"line\">\n<div class=\"out\"><\/div>\n<div class=\"in\"><\/div>\n<\/p><\/div>\n<div class=\"sub-title-body\">Des gestes simples peuvent produire d\u2019excellents r\u00e9sultats <br \/>pour b\u00e2tir la confiance et l\u2019estime de soi de votre enfant.<\/div>\n<ul class=\"body-text\">\n<li>Discutez avec votre enfant sur comment s\u2019est d\u00e9roul\u00e9e la journ\u00e9e \u00e0 l\u2019\u00e9cole<\/li>\n<li>Planifiez une activit\u00e9 avec votre enfant \u00e0 chaque semaine<\/li>\n<li>Dites \u00e0 votre enfant \u00ab\u00a0Je suis fier de toi\u00a0\u00bb<\/li>\n<li>Soyez impliqu\u00e9 dans les travaux scolaires de votre enfant \u00e0 tous les jours<\/li>\n<li>Assurez-vous qu\u2019il\/elle a pris un d\u00e9jeuner avant de quitter pour l\u2019\u00e9cole<\/li>\n<li>D\u00e9montrez que l\u2019\u00e9cole est importante pour vous en \u00e9tant pr\u00e9sent<br \/>lors d\u2019activit\u00e9s scolaires<\/li>\n<li>D\u00e9velopper un projet pour soutenir la pers\u00e9v\u00e9rance scolaire et contacter ESUMA pour le financement<\/li>\n<\/ul>\n<div class=\"tagline-wrapper\">\n<div class=\"tagline\">Votre engagement dans leur \u00e9ducation est un facteur de r\u00e9ussite<\/div>\n<p><a href=\"\/words-encouragement\/\" class=\"send-postcard-link\">Envoyez une carte postale<\/a><\/p>\n<div class=\"social-media\">\n<a target=\"_blank\" href=\"https:\/\/www.youtube.com\/channel\/UCqA2eZN5Xc_Wya1ydSjR_qQ\" rel=\"noopener noreferrer\"><svg xmlns=\"https:\/\/www.w3.org\/2000\/svg\" width=\"24\" height=\"24\" viewBox=\"0 0 24 24\"><path d=\"M19.615 3.184c-3.604-.246-11.631-.245-15.23 0-3.897.266-4.356 2.62-4.385 8.816.029 6.185.484 8.549 4.385 8.816 3.6.245 11.626.246 15.23 0 3.897-.266 4.356-2.62 4.385-8.816-.029-6.185-.484-8.549-4.385-8.816zm-10.615 12.816v-8l8 3.993-8 4.007z\"\/><\/svg><\/a><br \/>\n<a target=\"_blank\" href=\"https:\/\/www.facebook.com\/esuma2020\/\" rel=\"noopener noreferrer\"><svg xmlns=\"https:\/\/www.w3.org\/2000\/svg\" width=\"24\" height=\"24\" viewBox=\"0 0 24 24\"><path d=\"M12 0c-6.627 0-12 5.373-12 12s5.373 12 12 12 12-5.373 12-12-5.373-12-12-12zm3 8h-1.35c-.538 0-.65.221-.65.778v1.222h2l-.209 2h-1.791v7h-3v-7h-2v-2h2v-2.308c0-1.769.931-2.692 3.029-2.692h1.971v3z\"\/><\/svg><\/a>\n<\/div>\n<\/div><\/div>\n<\/p><\/div>\n<\/div>\n<p><\/p>","protected":false},"excerpt":{"rendered":"<p>AGISSEZ CELAFAIT TOUTE LA DIFF\u00c9RENCE PARENTS L\u2019\u00c9DUCATION D\u00c9BUTE \u00c0 LA MAISON Des gestes simples peuvent produire d\u2019excellents r\u00e9sultats pour b\u00e2tir la confiance et l\u2019estime de soi de votre enfant. Discutez avec votre enfant sur comment s\u2019est d\u00e9roul\u00e9e la journ\u00e9e \u00e0 l\u2019\u00e9cole Planifiez une activit\u00e9 avec votre enfant \u00e0 chaque semaine Dites \u00e0 votre enfant \u00ab\u00a0Je [&hellip;]<\/p>\n","protected":false},"author":3,"featured_media":0,"parent":0,"menu_order":5,"comment_status":"open","ping_status":"open","template":"","meta":{"_et_pb_use_builder":"","_et_pb_old_content":"","_et_gb_content_width":"","footnotes":""},"class_list":["post-8","page","type-page","status-publish","hentry"],"yoast_head":"<!-- This site is optimized with the Yoast SEO plugin v27.3 - https:\/\/yoast.com\/product\/yoast-seo-wordpress\/ -->\n<title>Parents - ESUMA<\/title>\n<meta name=\"robots\" content=\"index, follow, max-snippet:-1, max-image-preview:large, max-video-preview:-1\" \/>\n<link rel=\"canonical\" href=\"https:\/\/esuma.ca\/parents\/\" \/>\n<meta property=\"og:locale\" content=\"fr_FR\" \/>\n<meta property=\"og:type\" content=\"article\" \/>\n<meta property=\"og:title\" content=\"Parents - ESUMA\" \/>\n<meta property=\"og:description\" content=\"AGISSEZ CELAFAIT TOUTE LA DIFF\u00c9RENCE PARENTS L\u2019\u00c9DUCATION D\u00c9BUTE \u00c0 LA MAISON Des gestes simples peuvent produire d\u2019excellents r\u00e9sultats pour b\u00e2tir la confiance et l\u2019estime de soi de votre enfant. Discutez avec votre enfant sur comment s\u2019est d\u00e9roul\u00e9e la journ\u00e9e \u00e0 l\u2019\u00e9cole Planifiez une activit\u00e9 avec votre enfant \u00e0 chaque semaine Dites \u00e0 votre enfant \u00ab\u00a0Je [&hellip;]\" \/>\n<meta property=\"og:url\" content=\"https:\/\/esuma.ca\/parents\/\" \/>\n<meta property=\"og:site_name\" content=\"ESUMA\" \/>\n<meta property=\"article:modified_time\" content=\"2020-09-21T18:57:25+00:00\" \/>\n<meta name=\"twitter:card\" content=\"summary_large_image\" \/>\n<meta name=\"twitter:label1\" content=\"Dur\u00e9e de lecture estim\u00e9e\" \/>\n\t<meta name=\"twitter:data1\" content=\"1 minute\" \/>\n<script type=\"application\/ld+json\" class=\"yoast-schema-graph\">{\"@context\":\"https:\\\/\\\/schema.org\",\"@graph\":[{\"@type\":\"WebPage\",\"@id\":\"https:\\\/\\\/esuma.ca\\\/parents\\\/\",\"url\":\"https:\\\/\\\/esuma.ca\\\/parents\\\/\",\"name\":\"Parents - ESUMA\",\"isPartOf\":{\"@id\":\"https:\\\/\\\/esuma.ca\\\/#website\"},\"datePublished\":\"2014-02-13T03:33:17+00:00\",\"dateModified\":\"2020-09-21T18:57:25+00:00\",\"breadcrumb\":{\"@id\":\"https:\\\/\\\/esuma.ca\\\/parents\\\/#breadcrumb\"},\"inLanguage\":\"fr-FR\",\"potentialAction\":[{\"@type\":\"ReadAction\",\"target\":[\"https:\\\/\\\/esuma.ca\\\/parents\\\/\"]}]},{\"@type\":\"BreadcrumbList\",\"@id\":\"https:\\\/\\\/esuma.ca\\\/parents\\\/#breadcrumb\",\"itemListElement\":[{\"@type\":\"ListItem\",\"position\":1,\"name\":\"Home\",\"item\":\"https:\\\/\\\/esuma.ca\\\/\"},{\"@type\":\"ListItem\",\"position\":2,\"name\":\"Parents\"}]},{\"@type\":\"WebSite\",\"@id\":\"https:\\\/\\\/esuma.ca\\\/#website\",\"url\":\"https:\\\/\\\/esuma.ca\\\/\",\"name\":\"ESUMA\",\"description\":\"Thinking around education\",\"potentialAction\":[{\"@type\":\"SearchAction\",\"target\":{\"@type\":\"EntryPoint\",\"urlTemplate\":\"https:\\\/\\\/esuma.ca\\\/?s={search_term_string}\"},\"query-input\":{\"@type\":\"PropertyValueSpecification\",\"valueRequired\":true,\"valueName\":\"search_term_string\"}}],\"inLanguage\":\"fr-FR\"}]}<\/script>\n<!-- \/ Yoast SEO plugin. -->","yoast_head_json":{"title":"Parents - ESUMA","robots":{"index":"index","follow":"follow","max-snippet":"max-snippet:-1","max-image-preview":"max-image-preview:large","max-video-preview":"max-video-preview:-1"},"canonical":"https:\/\/esuma.ca\/parents\/","og_locale":"fr_FR","og_type":"article","og_title":"Parents - ESUMA","og_description":"AGISSEZ CELAFAIT TOUTE LA DIFF\u00c9RENCE PARENTS L\u2019\u00c9DUCATION D\u00c9BUTE \u00c0 LA MAISON Des gestes simples peuvent produire d\u2019excellents r\u00e9sultats pour b\u00e2tir la confiance et l\u2019estime de soi de votre enfant. Discutez avec votre enfant sur comment s\u2019est d\u00e9roul\u00e9e la journ\u00e9e \u00e0 l\u2019\u00e9cole Planifiez une activit\u00e9 avec votre enfant \u00e0 chaque semaine Dites \u00e0 votre enfant \u00ab\u00a0Je [&hellip;]","og_url":"https:\/\/esuma.ca\/parents\/","og_site_name":"ESUMA","article_modified_time":"2020-09-21T18:57:25+00:00","twitter_card":"summary_large_image","twitter_misc":{"Dur\u00e9e de lecture estim\u00e9e":"1 minute"},"schema":{"@context":"https:\/\/schema.org","@graph":[{"@type":"WebPage","@id":"https:\/\/esuma.ca\/parents\/","url":"https:\/\/esuma.ca\/parents\/","name":"Parents - ESUMA","isPartOf":{"@id":"https:\/\/esuma.ca\/#website"},"datePublished":"2014-02-13T03:33:17+00:00","dateModified":"2020-09-21T18:57:25+00:00","breadcrumb":{"@id":"https:\/\/esuma.ca\/parents\/#breadcrumb"},"inLanguage":"fr-FR","potentialAction":[{"@type":"ReadAction","target":["https:\/\/esuma.ca\/parents\/"]}]},{"@type":"BreadcrumbList","@id":"https:\/\/esuma.ca\/parents\/#breadcrumb","itemListElement":[{"@type":"ListItem","position":1,"name":"Home","item":"https:\/\/esuma.ca\/"},{"@type":"ListItem","position":2,"name":"Parents"}]},{"@type":"WebSite","@id":"https:\/\/esuma.ca\/#website","url":"https:\/\/esuma.ca\/","name":"ESUMA","description":"Thinking around education","potentialAction":[{"@type":"SearchAction","target":{"@type":"EntryPoint","urlTemplate":"https:\/\/esuma.ca\/?s={search_term_string}"},"query-input":{"@type":"PropertyValueSpecification","valueRequired":true,"valueName":"search_term_string"}}],"inLanguage":"fr-FR"}]}},"_links":{"self":[{"href":"https:\/\/esuma.ca\/fr\/wp-json\/wp\/v2\/pages\/8","targetHints":{"allow":["GET"]}}],"collection":[{"href":"https:\/\/esuma.ca\/fr\/wp-json\/wp\/v2\/pages"}],"about":[{"href":"https:\/\/esuma.ca\/fr\/wp-json\/wp\/v2\/types\/page"}],"author":[{"embeddable":true,"href":"https:\/\/esuma.ca\/fr\/wp-json\/wp\/v2\/users\/3"}],"replies":[{"embeddable":true,"href":"https:\/\/esuma.ca\/fr\/wp-json\/wp\/v2\/comments?post=8"}],"version-history":[{"count":5,"href":"https:\/\/esuma.ca\/fr\/wp-json\/wp\/v2\/pages\/8\/revisions"}],"predecessor-version":[{"id":790,"href":"https:\/\/esuma.ca\/fr\/wp-json\/wp\/v2\/pages\/8\/revisions\/790"}],"wp:attachment":[{"href":"https:\/\/esuma.ca\/fr\/wp-json\/wp\/v2\/media?parent=8"}],"curies":[{"name":"wp","href":"https:\/\/api.w.org\/{rel}","templated":true}]}}