{"id":5,"date":"2014-02-13T03:32:31","date_gmt":"2014-02-13T03:32:31","guid":{"rendered":"http:\/\/esuma.mobilizeme.ca\/?page_id=5"},"modified":"2022-02-15T15:45:29","modified_gmt":"2022-02-15T20:45:29","slug":"home","status":"publish","type":"page","link":"https:\/\/esuma.ca\/sy\/","title":{"rendered":"\u157f\u1450\u1550\u1593\u14d6\u1466"},"content":{"rendered":"<p><\/p>\n<div id=\"home\" class=\"content-wrap\">\n<div id=\"carousel-example-generic\" class=\"carousel slide left-container\" data-ride=\"carousel\">\n<div id=\"slides\" class=\"carousel-inner\">\n<div class=\"slide-content item active student\" style=\"background-image: url('\/wp-content\/themes\/esuma\/images\/phasetwo\/students-banner-p2.jpg');\"><img decoding=\"async\" src=\"\/wp-content\/themes\/esuma\/images\/phasetwo\/students-banner-p2.jpg\" alt=\"students\" \/><\/p>\n<div class=\"text carousel-caption\">\n<div class=\"first-text\">\u1403\u14d5\u14d0\u14c2\u140a\u144f\u1466\/\u1403\u14d5\u14f5\u1466<\/div>\n<div class=\"second-text\">\u1403\u14c5\u14ef\u1550\u14a5\u14c2 \u1438\u1550\u14c0\u1438\u14ea\u14d5\u140a\u148d\u14d0\u14c7\u1450\u1466.<\/div>\n<\/div>\n<\/div>\n<div class=\"slide-content item community\" style=\"background-image: url('\/wp-content\/themes\/esuma\/images\/phasetwo\/community-banner-p2.jpg');\"><img decoding=\"async\" src=\"\/wp-content\/themes\/esuma\/images\/phasetwo\/community-banner-p2.jpg\" alt=\"Community\" \/><\/p>\n<div class=\"text carousel-caption\">\n<div class=\"first-text\">\u14c4\u14c7\u14d6\u1466<\/div>\n<div class=\"second-text\">\u1403\u14d5\u14d0\u14c2\u140a\u14c2\u1550\u14a5 \u1472\u152a\u14ef\u1466\u14ef\u140a\u148d\u14d0\u14c7\u1546\u140a\u1583\u1550\u14c2\u14a5 \u1431\u14bb\u14aa\u1546\u1405\u144e\u1466\u14ef\u152a\u1466\u14ed\u14c7\u1405\u1490\u14d7\u140a\u1550\u1450\u148d.<\/div>\n<\/div>\n<\/div>\n<div class=\"slide-content item parent\" style=\"background-image: url('\/wp-content\/themes\/esuma\/images\/phasetwo\/parents-banner-p2.jpg');\"><img decoding=\"async\" src=\"\/wp-content\/themes\/esuma\/images\/phasetwo\/parents-banner-p2.jpg\" alt=\"parents\" \/><\/p>\n<div class=\"text carousel-caption\">\n<div class=\"first-text\">\u140a\u1593\u152a\u1550\u1584\u1546\u152d\u1405\u152a\u1466<\/div>\n<div class=\"second-text\">\u1431\u152d\u1546\u140a\u1450\u152a\u14c2 \u14f5\u1595\u1593\u14ef\u1583\u1466\u1455\u1490\u14d7\u140a\u1550\u14d7\u144e \u1472\u152a\u14ef\u148d\u14d0\u14c7\u1546\u140a\u14a5\u1466 \u140a\u1593\u152a\u1550\u1584\u1546\u152d\u1405\u152a\u1466 \u14f1\u158f\u1405\u14f4\u1548\u14d0\u14c7\u1450\u1466.<\/div>\n<\/div>\n<\/div>\n<p><a class=\"left carousel-control\" href=\"#carousel-example-generic\" data-slide=\"prev\"> <span class=\"sr-only\">Previous<\/span> <\/a> <a class=\"right carousel-control\" href=\"#carousel-example-generic\" data-slide=\"next\"> <span class=\"sr-only\">Next<\/span><\/a>\n<\/div>\n<\/div>\n<div class=\"right-content\">\n<div class=\"right-content-left\">\n<div class=\"testimonial\">\n<div class=\"overlaid-text\">\n<h1>\u1450\u14f4\u154b\u1466\u14ed \u14c4\u1456\u1466<\/h1>\n<h5>\u1450\u14f4\u1405\u14a3\u14d0\u14c7\u14ef\u140a\u1550\u14d7\u14ef \u14c4\u14c7\u1555\u14bb\u14a5 \u14f1\u1583\u1466\u14ef\u14c2\u1405\u152a\u14c2<\/h5>\n<p><a class=\"btn_blog\" href=\"\/blog\/\">Read more <\/a>\n<\/div>\n<\/div>\n<div class=\"postcard\"><a href=\"\/words-encouragement\/\"><img decoding=\"async\" class=\"postcard-img\" src=\"\/wp-content\/themes\/esuma\/images\/phasetwo\/postcard2-p2.jpg\" alt=\"postcard\" \/> <\/a><\/div>\n<\/div>\n<div class=\"right-content-right\">\n<div class=\"ongoing-project\">\n<div class=\"overlaid-text\">\n<h1>\u1431\u14c7\u14f1\u140a\u1550\u1455\u1405\u152a\u1403\u1466 \u1472\u152a\u14ef\u144e\u1455\u1405\u14c2\u158f\u1466<\/h1>\n<h5>\u1403\u14f1\u14aa \u146e\u14c7\u1405\u152d\u14c2 \u14c2\u158f\u1550\u1555\u1405\u148d\u14d0\u14c7\u14c2\u1593\u14c2 \u1450\u14f4\u1405\u14aa\u148d\u14d0\u14c7\u1450\u14ef<\/h5>\n<p><a class=\"btn_blog\" href=\"\/ongoing-projects\/\">Read more<\/a>\n<\/div>\n<\/div>\n<div class=\"youtube\"> <div class=\"youtube-slider\"> <!--        <img decoding=\"async\" src=\"https:\/\/img.youtube.com\/vi\/--><!--\/0.jpg\" \/>-->\n        <iframe data-src=\"https:\/\/www.youtube.com\/embed\/c9-4e1u7dzU\" frameborder=\"0\" allow=\"accelerometer; autoplay; clipboard-write; encrypted-media; gyroscope; picture-in-picture\"\n                allowfullscreen><\/iframe>\n\t<!--        <img decoding=\"async\" src=\"https:\/\/img.youtube.com\/vi\/--><!--\/0.jpg\" \/>-->\n        <iframe data-src=\"https:\/\/www.youtube.com\/embed\/B5Rl0ntg7H8\" frameborder=\"0\" allow=\"accelerometer; autoplay; clipboard-write; encrypted-media; gyroscope; picture-in-picture\"\n                allowfullscreen><\/iframe>\n\t<!--        <img decoding=\"async\" src=\"https:\/\/img.youtube.com\/vi\/--><!--\/0.jpg\" \/>-->\n        <iframe data-src=\"https:\/\/www.youtube.com\/embed\/Cl294aqUhqg\" frameborder=\"0\" allow=\"accelerometer; autoplay; clipboard-write; encrypted-media; gyroscope; picture-in-picture\"\n                allowfullscreen><\/iframe>\n\t<!--        <img decoding=\"async\" src=\"https:\/\/img.youtube.com\/vi\/--><!--\/0.jpg\" \/>-->\n        <iframe data-src=\"https:\/\/www.youtube.com\/embed\/QArtnLhzwSc\" frameborder=\"0\" allow=\"accelerometer; autoplay; clipboard-write; encrypted-media; gyroscope; picture-in-picture\"\n                allowfullscreen><\/iframe>\n\t<!--        <img decoding=\"async\" src=\"https:\/\/img.youtube.com\/vi\/--><!--\/0.jpg\" \/>-->\n        <iframe data-src=\"https:\/\/www.youtube.com\/embed\/Z8ZLg3Rv7wo\" frameborder=\"0\" allow=\"accelerometer; autoplay; clipboard-write; encrypted-media; gyroscope; picture-in-picture\"\n                allowfullscreen><\/iframe>\n\t<!--        <img decoding=\"async\" src=\"https:\/\/img.youtube.com\/vi\/--><!--\/0.jpg\" \/>-->\n        <iframe data-src=\"https:\/\/www.youtube.com\/embed\/JnWUONWlDng\" frameborder=\"0\" allow=\"accelerometer; autoplay; clipboard-write; encrypted-media; gyroscope; picture-in-picture\"\n                allowfullscreen><\/iframe>\n\t<!--        <img decoding=\"async\" src=\"https:\/\/img.youtube.com\/vi\/--><!--\/0.jpg\" \/>-->\n        <iframe data-src=\"https:\/\/www.youtube.com\/embed\/EavfAEhsvPs\" frameborder=\"0\" allow=\"accelerometer; autoplay; clipboard-write; encrypted-media; gyroscope; picture-in-picture\"\n                allowfullscreen><\/iframe>\n\t<!--        <img decoding=\"async\" src=\"https:\/\/img.youtube.com\/vi\/--><!--\/0.jpg\" \/>-->\n        <iframe data-src=\"https:\/\/www.youtube.com\/embed\/X2O6BTmCE_w\" frameborder=\"0\" allow=\"accelerometer; autoplay; clipboard-write; encrypted-media; gyroscope; picture-in-picture\"\n                allowfullscreen><\/iframe>\n\t<!--        <img decoding=\"async\" src=\"https:\/\/img.youtube.com\/vi\/--><!--\/0.jpg\" \/>-->\n        <iframe data-src=\"https:\/\/www.youtube.com\/embed\/_TLJM0hXBTs\" frameborder=\"0\" allow=\"accelerometer; autoplay; clipboard-write; encrypted-media; gyroscope; picture-in-picture\"\n                allowfullscreen><\/iframe>\n\t<!--        <img decoding=\"async\" src=\"https:\/\/img.youtube.com\/vi\/--><!--\/0.jpg\" \/>-->\n        <iframe data-src=\"https:\/\/www.youtube.com\/embed\/o6r8kfxJXUY\" frameborder=\"0\" allow=\"accelerometer; autoplay; clipboard-write; encrypted-media; gyroscope; picture-in-picture\"\n                allowfullscreen><\/iframe>\n\t<!--        <img decoding=\"async\" src=\"https:\/\/img.youtube.com\/vi\/--><!--\/0.jpg\" \/>-->\n        <iframe data-src=\"https:\/\/www.youtube.com\/embed\/2PyPPmkwrg8\" frameborder=\"0\" allow=\"accelerometer; autoplay; clipboard-write; encrypted-media; gyroscope; picture-in-picture\"\n                allowfullscreen><\/iframe>\n\t <\/div> <\/div>\n<\/div>\n<div class=\"triangle\"><\/div>\n<\/div>\n<\/div>\n<p><\/p>","protected":false},"excerpt":{"rendered":"<p>\u1403\u14d5\u14d0\u14c2\u140a\u144f\u1466\/\u1403\u14d5\u14f5\u1466 \u1403\u14c5\u14ef\u1550\u14a5\u14c2 \u1438\u1550\u14c0\u1438\u14ea\u14d5\u140a\u148d\u14d0\u14c7\u1450\u1466. \u14c4\u14c7\u14d6\u1466 \u1403\u14d5\u14d0\u14c2\u140a\u14c2\u1550\u14a5 \u1472\u152a\u14ef\u1466\u14ef\u140a\u148d\u14d0\u14c7\u1546\u140a\u1583\u1550\u14c2\u14a5 \u1431\u14bb\u14aa\u1546\u1405\u144e\u1466\u14ef\u152a\u1466\u14ed\u14c7\u1405\u1490\u14d7\u140a\u1550\u1450\u148d. \u140a\u1593\u152a\u1550\u1584\u1546\u152d\u1405\u152a\u1466 \u1431\u152d\u1546\u140a\u1450\u152a\u14c2 \u14f5\u1595\u1593\u14ef\u1583\u1466\u1455\u1490\u14d7\u140a\u1550\u14d7\u144e \u1472\u152a\u14ef\u148d\u14d0\u14c7\u1546\u140a\u14a5\u1466 \u140a\u1593\u152a\u1550\u1584\u1546\u152d\u1405\u152a\u1466 \u14f1\u158f\u1405\u14f4\u1548\u14d0\u14c7\u1450\u1466. Previous Next \u1450\u14f4\u154b\u1466\u14ed \u14c4\u1456\u1466 \u1450\u14f4\u1405\u14a3\u14d0\u14c7\u14ef\u140a\u1550\u14d7\u14ef \u14c4\u14c7\u1555\u14bb\u14a5 \u14f1\u1583\u1466\u14ef\u14c2\u1405\u152a\u14c2 Read more \u1431\u14c7\u14f1\u140a\u1550\u1455\u1405\u152a\u1403\u1466 \u1472\u152a\u14ef\u144e\u1455\u1405\u14c2\u158f\u1466 \u1403\u14f1\u14aa \u146e\u14c7\u1405\u152d\u14c2 \u14c2\u158f\u1550\u1555\u1405\u148d\u14d0\u14c7\u14c2\u1593\u14c2 \u1450\u14f4\u1405\u14aa\u148d\u14d0\u14c7\u1450\u14ef Read more<\/p>\n","protected":false},"author":3,"featured_media":0,"parent":0,"menu_order":0,"comment_status":"open","ping_status":"closed","template":"","meta":{"_et_pb_use_builder":"","_et_pb_old_content":"","_et_gb_content_width":"","footnotes":""},"class_list":["post-5","page","type-page","status-publish","hentry"],"yoast_head":"<!-- This site is optimized with the Yoast SEO plugin v27.3 - https:\/\/yoast.com\/product\/yoast-seo-wordpress\/ -->\n<title>\u157f\u1450\u1550\u1593\u14d6\u1466 - ESUMA<\/title>\n<meta name=\"description\" content=\"\u1431\u148b\u140a\u1550\u144e\u1466\u14ef\u14c2\u1585 \u14c4\u14c7\u1555\u14bb\u14a5-\u140a\u14a5\u14f2\u148d\u14d0\u14c7\u1555\u158f\u14d0\u14c4\u1466\u144e\u14a5\u1405\u152a\u1466 \u1472\u1450\u1466\u1528\u14d7\u144e\u1483 \u140a\u1405\u14da\u1466\u1526\u148b\u140a\u1550\u144e\u14d7\u148b\u1466\u1403\u14d5\u14f4\u1550\u14c2\u14a8\u14d5\u1593\u152a\u14c2\u1483 \u1403\u14d5\u14f4\u1550\u1450\u14d5\u14ab\u1466\u1472\u152a\u14ef\u1466\u14ef\u140a\u1581\u14d7\u148b\u1466 \u1403\u14d5\u14f4\u1550\u14c2\u14a5\u14d0\u14c2\u1483 \u1431\u152d\u1547\u1550\u14c2\u14a7\u1466\u144e\u146d\u1405\u144e\u14d7\u144e\u1483.\" \/>\n<meta name=\"robots\" content=\"index, follow, max-snippet:-1, max-image-preview:large, max-video-preview:-1\" \/>\n<link rel=\"canonical\" href=\"https:\/\/esuma.ca\/\" \/>\n<meta property=\"og:locale\" content=\"sy_SY\" \/>\n<meta property=\"og:type\" content=\"article\" \/>\n<meta property=\"og:title\" content=\"\u157f\u1450\u1550\u1593\u14d6\u1466 - ESUMA\" \/>\n<meta property=\"og:description\" content=\"{:sy}\u1431\u148b\u140a\u1550\u144e\u1466\u14ef\u14c2\u1585 \u14c4\u14c7\u1555\u14bb\u14a5-\u140a\u14a5\u14f2\u148d\u14d0\u14c7\u1555\u158f\u14d0\u14c4\u1466\u144e\u14a5\u1405\u152a\u1466 \u1472\u1450\u1466\u1528\u14d7\u144e\u1483 \u140a\u1405\u14da\u1466\u1526\u148b\u140a\u1550\u144e\u14d7\u148b\u1466\u1403\u14d5\u14f4\u1550\u14c2\u14a8\u14d5\u1593\u152a\u14c2\u1483 \u1403\u14d5\u14f4\u1550\u1450\u14d5\u14ab\u1466\u1472\u152a\u14ef\u1466\u14ef\u140a\u1581\u14d7\u148b\u1466 \u1403\u14d5\u14f4\u1550\u14c2\u14a5\u14d0\u14c2\u1483 \u1431\u152d\u1547\u1550\u14c2\u14a7\u1466\u144e\u146d\u1405\u144e\u14d7\u144e\u1483.{:fr}Cr\u00e9er une synergie globale au Nunavik etproposer des actions dans le domaine del\u2019\u00e9ducation afin que tous les \u00e9tudiantspers\u00e9v\u00e8rent dans leur volont\u00e9 de r\u00e9ussir.{:en}Create a Nunavik-wide synergy and enhanceactions around education for all learnersto persevere towards their success.{:}\" \/>\n<meta property=\"og:url\" content=\"https:\/\/esuma.ca\/\" \/>\n<meta property=\"og:site_name\" content=\"ESUMA\" \/>\n<meta property=\"article:modified_time\" content=\"2022-02-15T20:45:29+00:00\" \/>\n<meta property=\"og:image\" content=\"https:\/\/esuma.ca\/wp-content\/themes\/esuma\/images\/phasetwo\/students-banner-p2.jpg\" \/>\n<meta name=\"twitter:card\" content=\"summary_large_image\" \/>\n<meta name=\"twitter:label1\" content=\"Est. reading time\" \/>\n\t<meta name=\"twitter:data1\" content=\"1 minute\" \/>\n<script type=\"application\/ld+json\" class=\"yoast-schema-graph\">{\"@context\":\"https:\\\/\\\/schema.org\",\"@graph\":[{\"@type\":\"WebPage\",\"@id\":\"https:\\\/\\\/esuma.ca\\\/\",\"url\":\"https:\\\/\\\/esuma.ca\\\/\",\"name\":\"\u157f\u1450\u1550\u1593\u14d6\u1466 - ESUMA\",\"isPartOf\":{\"@id\":\"https:\\\/\\\/esuma.ca\\\/#website\"},\"datePublished\":\"2014-02-13T03:32:31+00:00\",\"dateModified\":\"2022-02-15T20:45:29+00:00\",\"description\":\"{:sy}\u1431\u148b\u140a\u1550\u144e\u1466\u14ef\u14c2\u1585 \u14c4\u14c7\u1555\u14bb\u14a5-\u140a\u14a5\u14f2\u148d\u14d0\u14c7\u1555\u158f\u14d0\u14c4\u1466\u144e\u14a5\u1405\u152a\u1466 \u1472\u1450\u1466\u1528\u14d7\u144e\u1483 \u140a\u1405\u14da\u1466\u1526\u148b\u140a\u1550\u144e\u14d7\u148b\u1466\u1403\u14d5\u14f4\u1550\u14c2\u14a8\u14d5\u1593\u152a\u14c2\u1483 \u1403\u14d5\u14f4\u1550\u1450\u14d5\u14ab\u1466\u1472\u152a\u14ef\u1466\u14ef\u140a\u1581\u14d7\u148b\u1466 \u1403\u14d5\u14f4\u1550\u14c2\u14a5\u14d0\u14c2\u1483 \u1431\u152d\u1547\u1550\u14c2\u14a7\u1466\u144e\u146d\u1405\u144e\u14d7\u144e\u1483.{:fr}Cr\u00e9er une synergie globale au Nunavik etproposer des actions dans le domaine del\u2019\u00e9ducation afin que tous les \u00e9tudiantspers\u00e9v\u00e8rent dans leur volont\u00e9 de r\u00e9ussir.{:en}Create a Nunavik-wide synergy and enhanceactions around education for all learnersto persevere towards their success.{:}\",\"breadcrumb\":{\"@id\":\"https:\\\/\\\/esuma.ca\\\/#breadcrumb\"},\"inLanguage\":\"sy-SY\",\"potentialAction\":[{\"@type\":\"ReadAction\",\"target\":[\"https:\\\/\\\/esuma.ca\\\/\"]}]},{\"@type\":\"BreadcrumbList\",\"@id\":\"https:\\\/\\\/esuma.ca\\\/#breadcrumb\",\"itemListElement\":[{\"@type\":\"ListItem\",\"position\":1,\"name\":\"Home\",\"item\":\"https:\\\/\\\/esuma.ca\\\/\"},{\"@type\":\"ListItem\",\"position\":2,\"name\":\"Home\"}]},{\"@type\":\"WebSite\",\"@id\":\"https:\\\/\\\/esuma.ca\\\/#website\",\"url\":\"https:\\\/\\\/esuma.ca\\\/\",\"name\":\"ESUMA\",\"description\":\"Thinking around education\",\"potentialAction\":[{\"@type\":\"SearchAction\",\"target\":{\"@type\":\"EntryPoint\",\"urlTemplate\":\"https:\\\/\\\/esuma.ca\\\/?s={search_term_string}\"},\"query-input\":{\"@type\":\"PropertyValueSpecification\",\"valueRequired\":true,\"valueName\":\"search_term_string\"}}],\"inLanguage\":\"sy-SY\"}]}<\/script>\n<!-- \/ Yoast SEO plugin. -->","yoast_head_json":{"title":"\u157f\u1450\u1550\u1593\u14d6\u1466 - ESUMA","description":"\u1431\u148b\u140a\u1550\u144e\u1466\u14ef\u14c2\u1585 \u14c4\u14c7\u1555\u14bb\u14a5-\u140a\u14a5\u14f2\u148d\u14d0\u14c7\u1555\u158f\u14d0\u14c4\u1466\u144e\u14a5\u1405\u152a\u1466 \u1472\u1450\u1466\u1528\u14d7\u144e\u1483 \u140a\u1405\u14da\u1466\u1526\u148b\u140a\u1550\u144e\u14d7\u148b\u1466\u1403\u14d5\u14f4\u1550\u14c2\u14a8\u14d5\u1593\u152a\u14c2\u1483 \u1403\u14d5\u14f4\u1550\u1450\u14d5\u14ab\u1466\u1472\u152a\u14ef\u1466\u14ef\u140a\u1581\u14d7\u148b\u1466 \u1403\u14d5\u14f4\u1550\u14c2\u14a5\u14d0\u14c2\u1483 \u1431\u152d\u1547\u1550\u14c2\u14a7\u1466\u144e\u146d\u1405\u144e\u14d7\u144e\u1483.","robots":{"index":"index","follow":"follow","max-snippet":"max-snippet:-1","max-image-preview":"max-image-preview:large","max-video-preview":"max-video-preview:-1"},"canonical":"https:\/\/esuma.ca\/","og_locale":"sy_SY","og_type":"article","og_title":"\u157f\u1450\u1550\u1593\u14d6\u1466 - ESUMA","og_description":"{:sy}\u1431\u148b\u140a\u1550\u144e\u1466\u14ef\u14c2\u1585 \u14c4\u14c7\u1555\u14bb\u14a5-\u140a\u14a5\u14f2\u148d\u14d0\u14c7\u1555\u158f\u14d0\u14c4\u1466\u144e\u14a5\u1405\u152a\u1466 \u1472\u1450\u1466\u1528\u14d7\u144e\u1483 \u140a\u1405\u14da\u1466\u1526\u148b\u140a\u1550\u144e\u14d7\u148b\u1466\u1403\u14d5\u14f4\u1550\u14c2\u14a8\u14d5\u1593\u152a\u14c2\u1483 \u1403\u14d5\u14f4\u1550\u1450\u14d5\u14ab\u1466\u1472\u152a\u14ef\u1466\u14ef\u140a\u1581\u14d7\u148b\u1466 \u1403\u14d5\u14f4\u1550\u14c2\u14a5\u14d0\u14c2\u1483 \u1431\u152d\u1547\u1550\u14c2\u14a7\u1466\u144e\u146d\u1405\u144e\u14d7\u144e\u1483.{:fr}Cr\u00e9er une synergie globale au Nunavik etproposer des actions dans le domaine del\u2019\u00e9ducation afin que tous les \u00e9tudiantspers\u00e9v\u00e8rent dans leur volont\u00e9 de r\u00e9ussir.{:en}Create a Nunavik-wide synergy and enhanceactions around education for all learnersto persevere towards their success.{:}","og_url":"https:\/\/esuma.ca\/","og_site_name":"ESUMA","article_modified_time":"2022-02-15T20:45:29+00:00","og_image":[{"url":"https:\/\/esuma.ca\/wp-content\/themes\/esuma\/images\/phasetwo\/students-banner-p2.jpg","type":"","width":"","height":""}],"twitter_card":"summary_large_image","twitter_misc":{"Est. reading time":"1 minute"},"schema":{"@context":"https:\/\/schema.org","@graph":[{"@type":"WebPage","@id":"https:\/\/esuma.ca\/","url":"https:\/\/esuma.ca\/","name":"\u157f\u1450\u1550\u1593\u14d6\u1466 - ESUMA","isPartOf":{"@id":"https:\/\/esuma.ca\/#website"},"datePublished":"2014-02-13T03:32:31+00:00","dateModified":"2022-02-15T20:45:29+00:00","description":"{:sy}\u1431\u148b\u140a\u1550\u144e\u1466\u14ef\u14c2\u1585 \u14c4\u14c7\u1555\u14bb\u14a5-\u140a\u14a5\u14f2\u148d\u14d0\u14c7\u1555\u158f\u14d0\u14c4\u1466\u144e\u14a5\u1405\u152a\u1466 \u1472\u1450\u1466\u1528\u14d7\u144e\u1483 \u140a\u1405\u14da\u1466\u1526\u148b\u140a\u1550\u144e\u14d7\u148b\u1466\u1403\u14d5\u14f4\u1550\u14c2\u14a8\u14d5\u1593\u152a\u14c2\u1483 \u1403\u14d5\u14f4\u1550\u1450\u14d5\u14ab\u1466\u1472\u152a\u14ef\u1466\u14ef\u140a\u1581\u14d7\u148b\u1466 \u1403\u14d5\u14f4\u1550\u14c2\u14a5\u14d0\u14c2\u1483 \u1431\u152d\u1547\u1550\u14c2\u14a7\u1466\u144e\u146d\u1405\u144e\u14d7\u144e\u1483.{:fr}Cr\u00e9er une synergie globale au Nunavik etproposer des actions dans le domaine del\u2019\u00e9ducation afin que tous les \u00e9tudiantspers\u00e9v\u00e8rent dans leur volont\u00e9 de r\u00e9ussir.{:en}Create a Nunavik-wide synergy and enhanceactions around education for all learnersto persevere towards their success.{:}","breadcrumb":{"@id":"https:\/\/esuma.ca\/#breadcrumb"},"inLanguage":"sy-SY","potentialAction":[{"@type":"ReadAction","target":["https:\/\/esuma.ca\/"]}]},{"@type":"BreadcrumbList","@id":"https:\/\/esuma.ca\/#breadcrumb","itemListElement":[{"@type":"ListItem","position":1,"name":"Home","item":"https:\/\/esuma.ca\/"},{"@type":"ListItem","position":2,"name":"Home"}]},{"@type":"WebSite","@id":"https:\/\/esuma.ca\/#website","url":"https:\/\/esuma.ca\/","name":"ESUMA","description":"Thinking around education","potentialAction":[{"@type":"SearchAction","target":{"@type":"EntryPoint","urlTemplate":"https:\/\/esuma.ca\/?s={search_term_string}"},"query-input":{"@type":"PropertyValueSpecification","valueRequired":true,"valueName":"search_term_string"}}],"inLanguage":"sy-SY"}]}},"_links":{"self":[{"href":"https:\/\/esuma.ca\/sy\/wp-json\/wp\/v2\/pages\/5","targetHints":{"allow":["GET"]}}],"collection":[{"href":"https:\/\/esuma.ca\/sy\/wp-json\/wp\/v2\/pages"}],"about":[{"href":"https:\/\/esuma.ca\/sy\/wp-json\/wp\/v2\/types\/page"}],"author":[{"embeddable":true,"href":"https:\/\/esuma.ca\/sy\/wp-json\/wp\/v2\/users\/3"}],"replies":[{"embeddable":true,"href":"https:\/\/esuma.ca\/sy\/wp-json\/wp\/v2\/comments?post=5"}],"version-history":[{"count":5,"href":"https:\/\/esuma.ca\/sy\/wp-json\/wp\/v2\/pages\/5\/revisions"}],"predecessor-version":[{"id":1121,"href":"https:\/\/esuma.ca\/sy\/wp-json\/wp\/v2\/pages\/5\/revisions\/1121"}],"wp:attachment":[{"href":"https:\/\/esuma.ca\/sy\/wp-json\/wp\/v2\/media?parent=5"}],"curies":[{"name":"wp","href":"https:\/\/api.w.org\/{rel}","templated":true}]}}